{"id":96,"date":"2017-07-10T06:31:19","date_gmt":"2017-07-10T06:31:19","guid":{"rendered":"http:\/\/www.herberge.org\/wordpress\/?page_id=96"},"modified":"2021-02-10T08:32:07","modified_gmt":"2021-02-10T08:32:07","slug":"unsere-grundsaetze","status":"publish","type":"page","link":"https:\/\/herberge.org\/wordpress\/unsere-grundsaetze\/","title":{"rendered":"Unsere Grunds\u00e4tze"},"content":{"rendered":"<p>Folgende Grunds\u00e4tze bestimmen unser Handeln:<\/p>\n<ul>\n<li><strong>Selbstbef\u00e4higung<\/strong>: Wir bieten Hilfe zur Selbsthilfe, so dass eine individuelle Bef\u00e4higung zur Alltags- und Lebensbew\u00e4ltigung erfolgt.<\/li>\n<li><strong>Information<\/strong>: Wir kl\u00e4ren unsere KlientInnen zur Wahrnehmung ihrer Rechte und Pflichten auf.<\/li>\n<li><strong>Gleichbehandlung<\/strong>: Eine Unterscheidung oder Bevorzugung nach Alter, Geschlecht, Religion, ethnischer Zugeh\u00f6rigkeit oder sexueller Orientierung ist f\u00fcr uns ausgeschlossen.<\/li>\n<li><strong>Zug\u00e4nglichkeit<\/strong>: Unsere Angebote zeichnen sich durch eine gute Erreichbarkeit, ausreichende Niederschwelligkeit im Sinne des Abbaus m\u00f6glicher Zugangsh\u00fcrden sowie einer ganzheitlichen Ausrichtung aus.<\/li>\n<li><strong>Respektvoller Umgang<\/strong>: Wir pflegen einen stets freundlichen, respektvollen und h\u00f6flichen Umgang mit unseren KlientInnen, der zu gegenseitiger Anerkennung f\u00fchren soll.<\/li>\n<li><strong>Transparenz<\/strong>: Wir informieren die beteiligten AkteurInnen \u00fcber die Aspekte unserer T\u00e4tigkeit. Dies gilt insbesondere f\u00fcr die Information unserer KlientInnen, die im Regelfall aufgrund der Sprachbarriere mit Verst\u00e4ndnisproblemen zu k\u00e4mpfen haben.<\/li>\n<li><strong>Ressourcenorientierung<\/strong>: Wir ber\u00fccksichtigen die vorhandenen Ressourcen der KlientInnen und unterst\u00fctzen bei der Weiterentwicklung dieser Ressourcen zur Erweiterung der individuellen Handlungsf\u00e4higkeit.<\/li>\n<li><strong>Kontinuit\u00e4t<\/strong>: Alle unsere Ma\u00dfnahmen zielen auf eine langfristige Entwicklung unserer KlientInnen ab und sind eingebettet in eine systematisch ausgearbeitete individuelle Bedarfs- und Zielanalyse.<\/li>\n<li><strong>Partizipation<\/strong>: Die KlientInnen werden bei der Planung und Gestaltung unserer Angebote beteiligt.<\/li>\n<li><strong>Beschwerdem\u00f6glichkeit<\/strong>: Unsere KlientInnen erhalten von uns die M\u00f6glichkeit, sich an eine externe Beschwerdestelle zu wenden.<\/li>\n<\/ul>\n","protected":false},"excerpt":{"rendered":"<p>Folgende Grunds\u00e4tze bestimmen unser Handeln: Selbstbef\u00e4higung: Wir bieten Hilfe zur Selbsthilfe, so dass eine individuelle Bef\u00e4higung zur Alltags- und Lebensbew\u00e4ltigung erfolgt. Information: Wir kl\u00e4ren unsere KlientInnen zur Wahrnehmung ihrer Rechte und Pflichten auf. Gleichbehandlung: Eine Unterscheidung oder Bevorzugung nach Alter, Geschlecht, Religion, ethnischer Zugeh\u00f6rigkeit oder sexueller Orientierung ist f\u00fcr uns ausgeschlossen. Zug\u00e4nglichkeit: Unsere Angebote zeichnen &hellip; <a href=\"https:\/\/herberge.org\/wordpress\/unsere-grundsaetze\/\" class=\"more-link\"><span class=\"screen-reader-text\">Unsere Grunds\u00e4tze<\/span> weiterlesen<\/a><\/p>\n","protected":false},"author":1,"featured_media":0,"parent":0,"menu_order":0,"comment_status":"closed","ping_status":"closed","template":"","meta":{"footnotes":""},"class_list":["post-96","page","type-page","status-publish","hentry"],"_links":{"self":[{"href":"https:\/\/herberge.org\/wordpress\/wp-json\/wp\/v2\/pages\/96","targetHints":{"allow":["GET"]}}],"collection":[{"href":"https:\/\/herberge.org\/wordpress\/wp-json\/wp\/v2\/pages"}],"about":[{"href":"https:\/\/herberge.org\/wordpress\/wp-json\/wp\/v2\/types\/page"}],"author":[{"embeddable":true,"href":"https:\/\/herberge.org\/wordpress\/wp-json\/wp\/v2\/users\/1"}],"replies":[{"embeddable":true,"href":"https:\/\/herberge.org\/wordpress\/wp-json\/wp\/v2\/comments?post=96"}],"version-history":[{"count":6,"href":"https:\/\/herberge.org\/wordpress\/wp-json\/wp\/v2\/pages\/96\/revisions"}],"predecessor-version":[{"id":587,"href":"https:\/\/herberge.org\/wordpress\/wp-json\/wp\/v2\/pages\/96\/revisions\/587"}],"wp:attachment":[{"href":"https:\/\/herberge.org\/wordpress\/wp-json\/wp\/v2\/media?parent=96"}],"curies":[{"name":"wp","href":"https:\/\/api.w.org\/{rel}","templated":true}]}}