{"id":957,"date":"2023-11-20T12:44:30","date_gmt":"2023-11-20T11:44:30","guid":{"rendered":"https:\/\/herberge.org\/wordpress\/?page_id=957"},"modified":"2025-11-04T14:43:38","modified_gmt":"2025-11-04T13:43:38","slug":"helenenstrasse-26-uebernachtungshaus-fuer-wohnungslose-maenner","status":"publish","type":"page","link":"https:\/\/herberge.org\/wordpress\/helenenstrasse-26-uebernachtungshaus-fuer-wohnungslose-maenner\/","title":{"rendered":"Helenenstra\u00dfe 26 &#8211; \u00dcbernachtungshaus f\u00fcr wohnungslose M\u00e4nner"},"content":{"rendered":"\n<p>Das Angebot richtet sich an alle erwachsenen Menschen, die in ungekl\u00e4rter Wohnsituation leben und ein kurzfristiges Obdach ben\u00f6tigen. Ihre Problematiken sind vielf\u00e4ltig, wie zum Beispiel; psychische Erkrankungen, akute Krisensituationen, Verwahrlosung, Suchtmittelabh\u00e4ngigkeit (Dual- und Mehrfachdiagnose), Arbeitslosigkeit, fehlende finanzielle Mittel, pl\u00f6tzliche Therapieabbr\u00fcche (in Kliniken und Institutionen), mittellose Durchreisende, H\u00e4ftlinge nach der Entlassung, etc.<\/p>\n\n\n\n<p>In erster Linie ist es unser Ziel, diesen Menschen in Not ein kurzfristiges Obdach und eine professionelle Betreuung zu bieten. Konkret wird dies verwirklicht durch die Bereitstellung eines Schlafplatzes, sowie der Krisenintervention. Weiterhin erfolgen Beratungs- und Unterst\u00fctzungsma\u00dfnahmen im Rahmen der Hilfeplanung, Ressourcenfeststellung und -st\u00e4rkung mit dem Ziel der Vermittlung der Nutzer in eigenen Wohnraum, in betreute oder andere problemad\u00e4quate Wohnformen mittels sozialp\u00e4dagogischer Beratung und Unterst\u00fctzung, auch unter Einbeziehung weiterer Fachdienste. Der Aufenthalt soll \u201eso kurz wie m\u00f6glich, so lange wie n\u00f6tig\u201c gestaltet werden.<\/p>\n\n\n\n<p>Dar\u00fcber hinaus betreibt die Einrichtung eine kostenlose Notschlafstelle f\u00fcr akute \u00dcbernachtungsanfragen. Das Angebot wird bei Bedarf um weitere Pl\u00e4tze erweitert, die innerhalb des Stadtgebiets in einer Au\u00dfenstelle zur Verf\u00fcgung stehen. Die Vermittlung erfolgt jedoch ausschlie\u00dflich \u00fcber die Helenenstra\u00dfe 26.<\/p>\n\n\n\n<p>Die Arbeit basiert auf Grundlage des S\u00e4chsischen Polizeibeh\u00f6rdengesetzes (S\u00e4chsPBG).<\/p>\n\n\n\n<p><strong>\u00d6ffnungszeiten<\/strong>: <br>Montag bis Sonntag &#8211; 16.00 bis 8.00 Uhr<\/p>\n\n\n\n<p><strong>Kontakt<\/strong>:<br>Soziale Betreuung<br>Mo-So 8.00 &#8211; 22.00 Uhr<br>Telefon 1: +49 151 2713 6096<br>Telefon 2: +49 151 2713 6394<br>E-Mail: <a href=\"mailto:helene.leipzig@herberge.org\">helene.leipzig@herberge.org<\/a><\/p>\n\n\n\n<p><strong>Wachdienst<\/strong><br>Telefon: 0151-42069521<br>Rund um die Uhr erreichbar<\/p>\n","protected":false},"excerpt":{"rendered":"<p>Das Angebot richtet sich an alle erwachsenen Menschen, die in ungekl\u00e4rter Wohnsituation leben und ein kurzfristiges Obdach ben\u00f6tigen. Ihre Problematiken sind vielf\u00e4ltig, wie zum Beispiel; psychische Erkrankungen, akute Krisensituationen, Verwahrlosung, Suchtmittelabh\u00e4ngigkeit (Dual- und Mehrfachdiagnose), Arbeitslosigkeit, fehlende finanzielle Mittel, pl\u00f6tzliche Therapieabbr\u00fcche (in Kliniken und Institutionen), mittellose Durchreisende, H\u00e4ftlinge nach der Entlassung, etc. In erster Linie ist &hellip; <a href=\"https:\/\/herberge.org\/wordpress\/helenenstrasse-26-uebernachtungshaus-fuer-wohnungslose-maenner\/\" class=\"more-link\"><span class=\"screen-reader-text\">Helenenstra\u00dfe 26 &#8211; \u00dcbernachtungshaus f\u00fcr wohnungslose M\u00e4nner<\/span> weiterlesen<\/a><\/p>\n","protected":false},"author":1,"featured_media":0,"parent":0,"menu_order":0,"comment_status":"closed","ping_status":"closed","template":"","meta":{"footnotes":""},"class_list":["post-957","page","type-page","status-publish","hentry"],"_links":{"self":[{"href":"https:\/\/herberge.org\/wordpress\/wp-json\/wp\/v2\/pages\/957","targetHints":{"allow":["GET"]}}],"collection":[{"href":"https:\/\/herberge.org\/wordpress\/wp-json\/wp\/v2\/pages"}],"about":[{"href":"https:\/\/herberge.org\/wordpress\/wp-json\/wp\/v2\/types\/page"}],"author":[{"embeddable":true,"href":"https:\/\/herberge.org\/wordpress\/wp-json\/wp\/v2\/users\/1"}],"replies":[{"embeddable":true,"href":"https:\/\/herberge.org\/wordpress\/wp-json\/wp\/v2\/comments?post=957"}],"version-history":[{"count":4,"href":"https:\/\/herberge.org\/wordpress\/wp-json\/wp\/v2\/pages\/957\/revisions"}],"predecessor-version":[{"id":1139,"href":"https:\/\/herberge.org\/wordpress\/wp-json\/wp\/v2\/pages\/957\/revisions\/1139"}],"wp:attachment":[{"href":"https:\/\/herberge.org\/wordpress\/wp-json\/wp\/v2\/media?parent=957"}],"curies":[{"name":"wp","href":"https:\/\/api.w.org\/{rel}","templated":true}]}}