{"id":784,"date":"2022-11-09T10:55:10","date_gmt":"2022-11-09T10:55:10","guid":{"rendered":"https:\/\/www.herberge.org\/?page_id=784"},"modified":"2025-11-26T11:14:27","modified_gmt":"2025-11-26T10:14:27","slug":"koordinierungsstelle-grunau","status":"publish","type":"page","link":"https:\/\/herberge.org\/wordpress\/koordinierungsstelle-grunau\/","title":{"rendered":"Koordinierungsstelle Gr\u00fcnau"},"content":{"rendered":"\n<p>Ziel der Koordinierungsstelle Migration \/ Integration Gr\u00fcnau ist die Schaffung von Beratungsangeboten und Vernetzungsangeboten im Leipziger Stadtteil Gr\u00fcnau. Im Sinne der Verbesserung der Integration soll f\u00fcr BewohnerInnen in den Stadtteilen ein niedrigschwelliger Zugang ins Beratungs- und Hilfesystem erreicht und ein Begegnungsangebot geschaffen werden.<\/p>\n\n\n\n<p><strong>So erreichen Sie uns:<\/strong><\/p>\n\n\n\n<p>Koordinierungsstelle Migration\/Integration Gr\u00fcnau<br>Jeannine Nowak<br>Sweeta Sadat<\/p>\n\n\n\n<p><\/p>\n\n\n\n<p>Pandechaion \u2013 Herberge e.V.<br>Stuttgarter Allee 8<br>04209 Leipzig<\/p>\n\n\n\n<p>Mobil: +49 151 50556054<\/p>\n\n\n\n<p>Email: <a href=\"mailto:koordination.gruenau@herberge.org\">koordination.gruenau@herberge.org<\/a><\/p>\n","protected":false},"excerpt":{"rendered":"<p>Ziel der Koordinierungsstelle Migration \/ Integration Gr\u00fcnau ist die Schaffung von Beratungsangeboten und Vernetzungsangeboten im Leipziger Stadtteil Gr\u00fcnau. Im Sinne der Verbesserung der Integration soll f\u00fcr BewohnerInnen in den Stadtteilen ein niedrigschwelliger Zugang ins Beratungs- und Hilfesystem erreicht und ein Begegnungsangebot geschaffen werden. So erreichen Sie uns: Koordinierungsstelle Migration\/Integration Gr\u00fcnauJeannine NowakSweeta Sadat Pandechaion \u2013 Herberge &hellip; <a href=\"https:\/\/herberge.org\/wordpress\/koordinierungsstelle-grunau\/\" class=\"more-link\"><span class=\"screen-reader-text\">Koordinierungsstelle Gr\u00fcnau<\/span> weiterlesen<\/a><\/p>\n","protected":false},"author":2,"featured_media":0,"parent":0,"menu_order":0,"comment_status":"closed","ping_status":"closed","template":"","meta":{"footnotes":""},"class_list":["post-784","page","type-page","status-publish","hentry"],"_links":{"self":[{"href":"https:\/\/herberge.org\/wordpress\/wp-json\/wp\/v2\/pages\/784","targetHints":{"allow":["GET"]}}],"collection":[{"href":"https:\/\/herberge.org\/wordpress\/wp-json\/wp\/v2\/pages"}],"about":[{"href":"https:\/\/herberge.org\/wordpress\/wp-json\/wp\/v2\/types\/page"}],"author":[{"embeddable":true,"href":"https:\/\/herberge.org\/wordpress\/wp-json\/wp\/v2\/users\/2"}],"replies":[{"embeddable":true,"href":"https:\/\/herberge.org\/wordpress\/wp-json\/wp\/v2\/comments?post=784"}],"version-history":[{"count":4,"href":"https:\/\/herberge.org\/wordpress\/wp-json\/wp\/v2\/pages\/784\/revisions"}],"predecessor-version":[{"id":1143,"href":"https:\/\/herberge.org\/wordpress\/wp-json\/wp\/v2\/pages\/784\/revisions\/1143"}],"wp:attachment":[{"href":"https:\/\/herberge.org\/wordpress\/wp-json\/wp\/v2\/media?parent=784"}],"curies":[{"name":"wp","href":"https:\/\/api.w.org\/{rel}","templated":true}]}}