{"id":271,"date":"2017-09-14T13:32:48","date_gmt":"2017-09-14T13:32:48","guid":{"rendered":"http:\/\/www.herberge.org\/wordpress\/?page_id=271"},"modified":"2023-03-07T11:47:00","modified_gmt":"2023-03-07T10:47:00","slug":"pandechaion-das-heisst-auf-deutsch-herberge","status":"publish","type":"page","link":"https:\/\/herberge.org\/wordpress\/","title":{"rendered":"Pandechaion"},"content":{"rendered":"<p>&#8230; das hei\u00dft auf Deutsch Herberge.<\/p>\n<p>Unser Verein will Menschen in Not eine Zeit lang eine Herberge bieten &#8211; einen Platz, an dem man gerne ist, der mehr als ein Dach \u00fcber dem Kopf ist.<\/p>\n<p>Fernab der Heimat in einem fremden Land f\u00e4llt es vielen Menschen schwer, sich zurecht zu finden. H\u00e4ufig liegen tiefgreifende Erlebnisse hinter denen, die geflohen sind, denn niemand verl\u00e4sst leichtfertig sein Land.<\/p>\n<p>Unser Verein will dabei helfen, dass Gefl\u00fcchtete und Asylsuchende hier in Deutschland die menschliche Seite unserer Gesellschaft kennen lernen.<\/p>\n<p>Denn:<br><strong>Das Wichtigste an einem Haus sind die Menschen.<\/strong><\/p>\n\n\n<p><\/p>\n","protected":false},"excerpt":{"rendered":"<p>&#8230; das hei\u00dft auf Deutsch Herberge. Unser Verein will Menschen in Not eine Zeit lang eine Herberge bieten &#8211; einen Platz, an dem man gerne ist, der mehr als ein Dach \u00fcber dem Kopf ist. Fernab der Heimat in einem fremden Land f\u00e4llt es vielen Menschen schwer, sich zurecht zu finden. H\u00e4ufig liegen tiefgreifende Erlebnisse &hellip; <a href=\"https:\/\/herberge.org\/wordpress\/\" class=\"more-link\"><span class=\"screen-reader-text\">Pandechaion<\/span> weiterlesen<\/a><\/p>\n","protected":false},"author":1,"featured_media":0,"parent":0,"menu_order":0,"comment_status":"closed","ping_status":"closed","template":"","meta":{"footnotes":""},"class_list":["post-271","page","type-page","status-publish","hentry"],"_links":{"self":[{"href":"https:\/\/herberge.org\/wordpress\/wp-json\/wp\/v2\/pages\/271","targetHints":{"allow":["GET"]}}],"collection":[{"href":"https:\/\/herberge.org\/wordpress\/wp-json\/wp\/v2\/pages"}],"about":[{"href":"https:\/\/herberge.org\/wordpress\/wp-json\/wp\/v2\/types\/page"}],"author":[{"embeddable":true,"href":"https:\/\/herberge.org\/wordpress\/wp-json\/wp\/v2\/users\/1"}],"replies":[{"embeddable":true,"href":"https:\/\/herberge.org\/wordpress\/wp-json\/wp\/v2\/comments?post=271"}],"version-history":[{"count":12,"href":"https:\/\/herberge.org\/wordpress\/wp-json\/wp\/v2\/pages\/271\/revisions"}],"predecessor-version":[{"id":849,"href":"https:\/\/herberge.org\/wordpress\/wp-json\/wp\/v2\/pages\/271\/revisions\/849"}],"wp:attachment":[{"href":"https:\/\/herberge.org\/wordpress\/wp-json\/wp\/v2\/media?parent=271"}],"curies":[{"name":"wp","href":"https:\/\/api.w.org\/{rel}","templated":true}]}}