{"id":250,"date":"2017-09-05T09:24:07","date_gmt":"2017-09-05T09:24:07","guid":{"rendered":"http:\/\/www.herberge.org\/wordpress\/?page_id=250"},"modified":"2023-03-21T09:00:01","modified_gmt":"2023-03-21T08:00:01","slug":"limbach-oberfrohna","status":"publish","type":"page","link":"https:\/\/herberge.org\/wordpress\/limbach-oberfrohna\/","title":{"rendered":"Limbach-Oberfrohna"},"content":{"rendered":"\n<p>Unser Wohnprojekt und Wohnheim in Limbach-Oberfrohna:<\/p>\n\n\n\n<p><a href=\"https:\/\/herberge.org\/wordpress\/limbach-oberfrohna-suedstrasse-10\/\">Wohnprojekt S\u00fcdstra\u00dfe 10<\/a><\/p>\n\n\n\n<p><a href=\"http:\/\/www.herberge.org\/wordpress\/?page_id=164\">Wohnheim Oststra\u00dfe 17<\/a><\/p>\n","protected":false},"excerpt":{"rendered":"<p>Unser Wohnprojekt und Wohnheim in Limbach-Oberfrohna: Wohnprojekt S\u00fcdstra\u00dfe 10 Wohnheim Oststra\u00dfe 17<\/p>\n","protected":false},"author":1,"featured_media":0,"parent":0,"menu_order":0,"comment_status":"closed","ping_status":"closed","template":"","meta":{"footnotes":""},"class_list":["post-250","page","type-page","status-publish","hentry"],"_links":{"self":[{"href":"https:\/\/herberge.org\/wordpress\/wp-json\/wp\/v2\/pages\/250","targetHints":{"allow":["GET"]}}],"collection":[{"href":"https:\/\/herberge.org\/wordpress\/wp-json\/wp\/v2\/pages"}],"about":[{"href":"https:\/\/herberge.org\/wordpress\/wp-json\/wp\/v2\/types\/page"}],"author":[{"embeddable":true,"href":"https:\/\/herberge.org\/wordpress\/wp-json\/wp\/v2\/users\/1"}],"replies":[{"embeddable":true,"href":"https:\/\/herberge.org\/wordpress\/wp-json\/wp\/v2\/comments?post=250"}],"version-history":[{"count":5,"href":"https:\/\/herberge.org\/wordpress\/wp-json\/wp\/v2\/pages\/250\/revisions"}],"predecessor-version":[{"id":879,"href":"https:\/\/herberge.org\/wordpress\/wp-json\/wp\/v2\/pages\/250\/revisions\/879"}],"wp:attachment":[{"href":"https:\/\/herberge.org\/wordpress\/wp-json\/wp\/v2\/media?parent=250"}],"curies":[{"name":"wp","href":"https:\/\/api.w.org\/{rel}","templated":true}]}}