{"id":247,"date":"2017-09-05T09:23:57","date_gmt":"2017-09-05T09:23:57","guid":{"rendered":"http:\/\/www.herberge.org\/wordpress\/?page_id=247"},"modified":"2026-01-15T10:51:08","modified_gmt":"2026-01-15T09:51:08","slug":"leipzig","status":"publish","type":"page","link":"https:\/\/herberge.org\/wordpress\/leipzig\/","title":{"rendered":"Leipzig"},"content":{"rendered":"\n<p>Unsere Gemeinschaftsunterk\u00fcnfte und Betreuungsprojekte in Leipzig:<\/p>\n\n\n\n<p><a href=\"http:\/\/www.herberge.org\/arno-nitzsche-str-37\/\">GU Arno-Nitzsche-Str. 37<\/a><br><a href=\"http:\/\/www.herberge.org\/wordpress\/?page_id=134\">GU Georg-Schwarz-Str. 31<\/a><br><a href=\"https:\/\/herberge.org\/wordpress\/leipzig-hohmannstrasse\/\">GU Hohmannstr. 7c<\/a><br><a href=\"http:\/\/www.herberge.org\/wordpress\/?page_id=117\">GU Liliensteinstra\u00dfe 15a<\/a><br><a href=\"http:\/\/www.herberge.org\/wordpress\/?page_id=140\">GU Naumburger Str. 39<\/a><br><a href=\"http:\/\/www.herberge.org\/wordpress\/?page_id=121\">GU Riebeckstra\u00dfe 63<\/a><br><a href=\"https:\/\/herberge.org\/wordpress\/leipzig\/leipzig-toskastr-2\/\">GU Toskastr. 2<\/a><br><a href=\"http:\/\/www.herberge.org\/wordpress\/?page_id=125\">GU Waldstra\u00dfe 74-80<\/a><br><a href=\"http:\/\/www.herberge.org\/wordpress\/?page_id=146\">GU Wiebelstr. 9<\/a><br><a href=\"http:\/\/www.herberge.org\/?page_id=657\">GU Wei\u00dfdornstr. 102<\/a><\/p>\n\n\n\n<p><\/p>\n","protected":false},"excerpt":{"rendered":"<p>Unsere Gemeinschaftsunterk\u00fcnfte und Betreuungsprojekte in Leipzig: GU Arno-Nitzsche-Str. 37GU Georg-Schwarz-Str. 31GU Hohmannstr. 7cGU Liliensteinstra\u00dfe 15aGU Naumburger Str. 39GU Riebeckstra\u00dfe 63GU Toskastr. 2GU Waldstra\u00dfe 74-80GU Wiebelstr. 9GU Wei\u00dfdornstr. 102<\/p>\n","protected":false},"author":1,"featured_media":0,"parent":0,"menu_order":0,"comment_status":"closed","ping_status":"closed","template":"","meta":{"footnotes":""},"class_list":["post-247","page","type-page","status-publish","hentry"],"_links":{"self":[{"href":"https:\/\/herberge.org\/wordpress\/wp-json\/wp\/v2\/pages\/247","targetHints":{"allow":["GET"]}}],"collection":[{"href":"https:\/\/herberge.org\/wordpress\/wp-json\/wp\/v2\/pages"}],"about":[{"href":"https:\/\/herberge.org\/wordpress\/wp-json\/wp\/v2\/types\/page"}],"author":[{"embeddable":true,"href":"https:\/\/herberge.org\/wordpress\/wp-json\/wp\/v2\/users\/1"}],"replies":[{"embeddable":true,"href":"https:\/\/herberge.org\/wordpress\/wp-json\/wp\/v2\/comments?post=247"}],"version-history":[{"count":20,"href":"https:\/\/herberge.org\/wordpress\/wp-json\/wp\/v2\/pages\/247\/revisions"}],"predecessor-version":[{"id":1163,"href":"https:\/\/herberge.org\/wordpress\/wp-json\/wp\/v2\/pages\/247\/revisions\/1163"}],"wp:attachment":[{"href":"https:\/\/herberge.org\/wordpress\/wp-json\/wp\/v2\/media?parent=247"}],"curies":[{"name":"wp","href":"https:\/\/api.w.org\/{rel}","templated":true}]}}