{"id":241,"date":"2017-09-05T08:47:43","date_gmt":"2017-09-05T08:47:43","guid":{"rendered":"http:\/\/www.herberge.org\/wordpress\/?page_id=241"},"modified":"2021-02-03T07:25:29","modified_gmt":"2021-02-03T07:25:29","slug":"kinder-und-jugendprogramm","status":"publish","type":"page","link":"https:\/\/herberge.org\/wordpress\/kinder-und-jugendprogramm\/","title":{"rendered":"Kinder- und Jugendprogramm"},"content":{"rendered":"<p><img loading=\"lazy\" decoding=\"async\" class=\"size-medium wp-image-284 alignright\" src=\"http:\/\/www.herberge.org\/wordpress\/wp-content\/uploads\/2017\/09\/Tischtennis-300x200.png\" alt=\"\" width=\"300\" height=\"200\" srcset=\"https:\/\/herberge.org\/wordpress\/wp-content\/uploads\/2017\/09\/Tischtennis-300x200.png 300w, https:\/\/herberge.org\/wordpress\/wp-content\/uploads\/2017\/09\/Tischtennis-768x512.png 768w, https:\/\/herberge.org\/wordpress\/wp-content\/uploads\/2017\/09\/Tischtennis-1024x683.png 1024w, https:\/\/herberge.org\/wordpress\/wp-content\/uploads\/2017\/09\/Tischtennis-640x427.png 640w, https:\/\/herberge.org\/wordpress\/wp-content\/uploads\/2017\/09\/Tischtennis.png 1200w\" sizes=\"auto, (max-width: 300px) 100vw, 300px\" \/>In den Gemeinschaftsunterk\u00fcnften bieten wir ein umfassendes Freizeit- und Kursangebot an. Da fast alle Kinder einen Kindergarten oder die Schule besuchen, findet das Programm meistens nachmittags statt. Es wird gebastelt, gespielt oder die vielen Dinge benutzt, die in unseren R\u00e4umen zur Verf\u00fcgung stehen. Wir bieten je nach Unterkunft z.B. an:<\/p>\n<p><img loading=\"lazy\" decoding=\"async\" class=\"size-medium wp-image-282 alignright\" src=\"http:\/\/www.herberge.org\/wordpress\/wp-content\/uploads\/2017\/09\/157-200x300.jpg\" alt=\"\" width=\"200\" height=\"300\" srcset=\"https:\/\/herberge.org\/wordpress\/wp-content\/uploads\/2017\/09\/157-200x300.jpg 200w, https:\/\/herberge.org\/wordpress\/wp-content\/uploads\/2017\/09\/157-768x1152.jpg 768w, https:\/\/herberge.org\/wordpress\/wp-content\/uploads\/2017\/09\/157-683x1024.jpg 683w, https:\/\/herberge.org\/wordpress\/wp-content\/uploads\/2017\/09\/157-640x960.jpg 640w, https:\/\/herberge.org\/wordpress\/wp-content\/uploads\/2017\/09\/157.jpg 800w\" sizes=\"auto, (max-width: 200px) 100vw, 200px\" \/>&#8211; einen Billardtisch<br \/>\n&#8211; einen Kickertisch<br \/>\n&#8211; Brettspiele zum ausleihen<br \/>\n&#8211; eine Spielk\u00fcche f\u00fcr die Kleinen<br \/>\n&#8211; eine Tischtennisplatte in einem separaten Tischtennisraum<br \/>\n&#8211; Kinderb\u00fccher zum ausleihen<\/p>\n<p>In den Ferien erfolgt die Betreuung der Kinder und Jugendlichen angepasst an die ver\u00e4nderte Situation auch vormittags. Hier eine Auswahl der Ziele, die in den letzten Jahren von den Kindern besucht wurden:<\/p>\n<p>&#8211; in den Zoo<br \/>\n&#8211; in den Wildpark<br \/>\n&#8211; in den Zirkus<br \/>\n&#8211; an den See oder in das Freibad\/Hallenbad zum Baden<br \/>\n&#8211; an den Flughafen zu einer Besichtigung<br \/>\n&#8211; ins Kino<br \/>\n&#8211; ins Puppentheater<br \/>\n&#8211; in den Kletterwald<br \/>\n&#8211; Belantis<br \/>\n&#8211; und viele mehr&#8230;<\/p>\n<p>Einmal im Jahr organiseren wir eine Ferienfahrt f\u00fcr die Kinder. Wir waren z.B. schon:<\/p>\n<p>&#8211; an der Ostsee<br \/>\n&#8211; in der Kulturinsel Einsiedel (ein toller Abenteuerspielplatz)<br \/>\n&#8211; im R\u00fcstzeitheim Lutherh\u00f6he in Wilkau-Hasslau<br \/>\n&#8211; etc&#8230;.<\/p>\n<p><img loading=\"lazy\" decoding=\"async\" class=\"size-medium wp-image-285 alignright\" src=\"http:\/\/www.herberge.org\/wordpress\/wp-content\/uploads\/2017\/09\/110-300x200.jpg\" alt=\"\" width=\"300\" height=\"200\" srcset=\"https:\/\/herberge.org\/wordpress\/wp-content\/uploads\/2017\/09\/110-300x200.jpg 300w, https:\/\/herberge.org\/wordpress\/wp-content\/uploads\/2017\/09\/110-768x512.jpg 768w, https:\/\/herberge.org\/wordpress\/wp-content\/uploads\/2017\/09\/110-1024x683.jpg 1024w, https:\/\/herberge.org\/wordpress\/wp-content\/uploads\/2017\/09\/110-640x427.jpg 640w, https:\/\/herberge.org\/wordpress\/wp-content\/uploads\/2017\/09\/110.jpg 1200w\" sizes=\"auto, (max-width: 300px) 100vw, 300px\" \/>Au\u00dferdem haben die Kinder die M\u00f6glichkeit, bei uns unter Anleitung von Ehrenamtlichen ihre Hausaufgaben zu erledigen oder Nachhilfe zu bekommen.<\/p>\n<p>Auch die Erwachsenen kommen bei uns nicht zu kurz. F\u00fcr sie stehen unter anderem folgende Angebote zur Verf\u00fcgung:<\/p>\n<p>&#8211; Nutzung des Internets in unseren R\u00e4umen<\/p>\n<p>&#8211; Beratung durch muttersprachliche Migrations- und GesundheitsmittlerInnen direkt im Haus<\/p>\n<p>&#8211; spezielle Angebote f\u00fcr Frauen, wie z.B. ein Frauenfr\u00fchst\u00fcck<\/p>\n<p>&#8211; Angebote der sportlichen Bet\u00e4tigung, wie z.B. ein Sport- und Fitnessraum, wenn es die r\u00e4umlichen Begebenheiten zulassen.<\/p>\n","protected":false},"excerpt":{"rendered":"<p>In den Gemeinschaftsunterk\u00fcnften bieten wir ein umfassendes Freizeit- und Kursangebot an. Da fast alle Kinder einen Kindergarten oder die Schule besuchen, findet das Programm meistens nachmittags statt. Es wird gebastelt, gespielt oder die vielen Dinge benutzt, die in unseren R\u00e4umen zur Verf\u00fcgung stehen. Wir bieten je nach Unterkunft z.B. an: &#8211; einen Billardtisch &#8211; einen &hellip; <a href=\"https:\/\/herberge.org\/wordpress\/kinder-und-jugendprogramm\/\" class=\"more-link\"><span class=\"screen-reader-text\">Kinder- und Jugendprogramm<\/span> weiterlesen<\/a><\/p>\n","protected":false},"author":1,"featured_media":0,"parent":0,"menu_order":0,"comment_status":"closed","ping_status":"closed","template":"","meta":{"footnotes":""},"class_list":["post-241","page","type-page","status-publish","hentry"],"_links":{"self":[{"href":"https:\/\/herberge.org\/wordpress\/wp-json\/wp\/v2\/pages\/241","targetHints":{"allow":["GET"]}}],"collection":[{"href":"https:\/\/herberge.org\/wordpress\/wp-json\/wp\/v2\/pages"}],"about":[{"href":"https:\/\/herberge.org\/wordpress\/wp-json\/wp\/v2\/types\/page"}],"author":[{"embeddable":true,"href":"https:\/\/herberge.org\/wordpress\/wp-json\/wp\/v2\/users\/1"}],"replies":[{"embeddable":true,"href":"https:\/\/herberge.org\/wordpress\/wp-json\/wp\/v2\/comments?post=241"}],"version-history":[{"count":8,"href":"https:\/\/herberge.org\/wordpress\/wp-json\/wp\/v2\/pages\/241\/revisions"}],"predecessor-version":[{"id":580,"href":"https:\/\/herberge.org\/wordpress\/wp-json\/wp\/v2\/pages\/241\/revisions\/580"}],"wp:attachment":[{"href":"https:\/\/herberge.org\/wordpress\/wp-json\/wp\/v2\/media?parent=241"}],"curies":[{"name":"wp","href":"https:\/\/api.w.org\/{rel}","templated":true}]}}