{"id":24,"date":"2017-07-05T13:45:24","date_gmt":"2017-07-05T13:45:24","guid":{"rendered":"http:\/\/www.herberge.org\/wordpress\/?page_id=24"},"modified":"2024-07-18T13:39:19","modified_gmt":"2024-07-18T11:39:19","slug":"ueber-den-verein","status":"publish","type":"page","link":"https:\/\/herberge.org\/wordpress\/ueber-den-verein\/","title":{"rendered":"\u00dcber den Verein"},"content":{"rendered":"<p>Pandechaion &#8211; Herberge e.V. wurde im Jahr 2008 mit dem Ziel gegr\u00fcndet, Asylsuchende und Gefl\u00fcchtete zu beraten und w\u00e4hrend ihres Aufenthalts in der Gemeinschaftsunterkunft und zum Teil dar\u00fcber hinaus unterst\u00fctzend zur Seite zu stehen. Aus diesem Grund \u00fcbernimmt Pandechaion &#8211; Herberge e.V. bislang in verschiedenen Gemeinschaftsunterk\u00fcnften f\u00fcr AsylbewerberInnen die Soziale Betreuung. Seit Dezember 2020 engagieren wir uns dar\u00fcber hinaus in der Wohnungslosenhilfe und betreuen eine Notunterkunft f\u00fcr wohnungslose M\u00e4nner sowie ein Projekt zum Ambulant betreuten Wohnen in Leipzig.<\/p>\n<p>In Leipzig k\u00fcmmern wir uns um verschiedene Unterk\u00fcnfte mit insgesamt circa 1.200 BewohnerInnenpl\u00e4tzen, ein Wohnprojekt und ein Wohnheim in Limbach-Oberfrohna sowie ein Wohnprojekt in Glauchau\/Meerane. Unser Team besteht aus ungef\u00e4hr 70 MitarbeiterInnen verschiedener Professionen.<\/p>\n<p>An erster Stelle steht f\u00fcr uns das Ziel, Menschen jedweder Herkunft zu bef\u00e4higen, sich in Deutschland zurecht zu finden. Unser Ziel ist immer Hilfe zur Selbsthilfe, so dass die zu uns kommenden Menschen selbst in die Lage versetzt werden, die wichtigsten Alltagsprobleme zu l\u00f6sen und die deutsche Sprache zu erwerben. Wir sehen uns dabei genauso den bei uns untergebrachten Menschen verpflichtet, als auch der Aufnahmegesellschaft sowohl in der unmittelbaren Nachbarschaft der Unterk\u00fcnfte als auch im Allgemeinen.<\/p>\n","protected":false},"excerpt":{"rendered":"<p>Pandechaion &#8211; Herberge e.V. wurde im Jahr 2008 mit dem Ziel gegr\u00fcndet, Asylsuchende und Gefl\u00fcchtete zu beraten und w\u00e4hrend ihres Aufenthalts in der Gemeinschaftsunterkunft und zum Teil dar\u00fcber hinaus unterst\u00fctzend zur Seite zu stehen. Aus diesem Grund \u00fcbernimmt Pandechaion &#8211; Herberge e.V. bislang in verschiedenen Gemeinschaftsunterk\u00fcnften f\u00fcr AsylbewerberInnen die Soziale Betreuung. Seit Dezember 2020 engagieren &hellip; <a href=\"https:\/\/herberge.org\/wordpress\/ueber-den-verein\/\" class=\"more-link\"><span class=\"screen-reader-text\">\u00dcber den Verein<\/span> weiterlesen<\/a><\/p>\n","protected":false},"author":1,"featured_media":0,"parent":0,"menu_order":0,"comment_status":"closed","ping_status":"closed","template":"","meta":{"footnotes":""},"class_list":["post-24","page","type-page","status-publish","hentry"],"_links":{"self":[{"href":"https:\/\/herberge.org\/wordpress\/wp-json\/wp\/v2\/pages\/24","targetHints":{"allow":["GET"]}}],"collection":[{"href":"https:\/\/herberge.org\/wordpress\/wp-json\/wp\/v2\/pages"}],"about":[{"href":"https:\/\/herberge.org\/wordpress\/wp-json\/wp\/v2\/types\/page"}],"author":[{"embeddable":true,"href":"https:\/\/herberge.org\/wordpress\/wp-json\/wp\/v2\/users\/1"}],"replies":[{"embeddable":true,"href":"https:\/\/herberge.org\/wordpress\/wp-json\/wp\/v2\/comments?post=24"}],"version-history":[{"count":6,"href":"https:\/\/herberge.org\/wordpress\/wp-json\/wp\/v2\/pages\/24\/revisions"}],"predecessor-version":[{"id":1022,"href":"https:\/\/herberge.org\/wordpress\/wp-json\/wp\/v2\/pages\/24\/revisions\/1022"}],"wp:attachment":[{"href":"https:\/\/herberge.org\/wordpress\/wp-json\/wp\/v2\/media?parent=24"}],"curies":[{"name":"wp","href":"https:\/\/api.w.org\/{rel}","templated":true}]}}