{"id":238,"date":"2017-09-05T08:47:30","date_gmt":"2017-09-05T08:47:30","guid":{"rendered":"http:\/\/www.herberge.org\/wordpress\/?page_id=238"},"modified":"2021-02-03T07:24:20","modified_gmt":"2021-02-03T07:24:20","slug":"soziale-beratung","status":"publish","type":"page","link":"https:\/\/herberge.org\/wordpress\/soziale-beratung\/","title":{"rendered":"Soziale Beratung"},"content":{"rendered":"<p><img loading=\"lazy\" decoding=\"async\" class=\"alignleft\" src=\"http:\/\/www.herberge.org\/wordpress\/wp-content\/uploads\/2017\/09\/012.jpg\" alt=\"Soziale Beratung\" width=\"376\" height=\"302\" \/> W\u00e4hrend der B\u00fcro\u00f6ffnungszeiten stehen wir f\u00fcr alle Fragen der Asylsuchenden zur Verf\u00fcgung. In unseren Beratungsgespr\u00e4chen versuchen wir Streitigkeiten und Unklarheiten untereinander pr\u00e4ventiv zu begegnen oder sie gegebenenfalls zu schlichten. Wir weisen auf die verschiedenen Beratungsangebote in den Kommunen hin, helfen beim Ausf\u00fcllen von Formularen, erl\u00e4utern die Amtspost und geben Formulierungshilfe bei Schriftsachen aller Art.<\/p>\n<p>Wenn n\u00f6tig, begleiten wir Asylsuchende bei ihrem Gang zu \u00c4mtern oder stellen f\u00fcr sie den telefonischen Kontakt zur ben\u00f6tigten Beh\u00f6rde her. Werden BewohnerInnen dezentral untergebracht, dann \u00fcbernehmen wir in Absprache mit dem Sozialamt die Suche und Vermittlung einer bezahlbaren Wohnung. Wir vereinbaren und begleiten die Asylsuchenden bei Bedarf zum Besichtigungstermin und helfen beim Einzug.<\/p>\n<p>Bei Krankheitsf\u00e4llen der BewohnerInnen helfen wir bei der Terminabsprache mit der \u00c4rztin oder begleiten im Notfall in die Ambulanz. Bei der Vermittlung von behindertengerechter Betreuung stehen wir selbstverst\u00e4ndlich zur Verf\u00fcgung. Zudem stehen wir in engem Kontakt zu den verschiedenen Vereinen der Fl\u00fcchtlingsarbeit vor Ort.<\/p>\n","protected":false},"excerpt":{"rendered":"<p>W\u00e4hrend der B\u00fcro\u00f6ffnungszeiten stehen wir f\u00fcr alle Fragen der Asylsuchenden zur Verf\u00fcgung. In unseren Beratungsgespr\u00e4chen versuchen wir Streitigkeiten und Unklarheiten untereinander pr\u00e4ventiv zu begegnen oder sie gegebenenfalls zu schlichten. Wir weisen auf die verschiedenen Beratungsangebote in den Kommunen hin, helfen beim Ausf\u00fcllen von Formularen, erl\u00e4utern die Amtspost und geben Formulierungshilfe bei Schriftsachen aller Art. Wenn &hellip; <a href=\"https:\/\/herberge.org\/wordpress\/soziale-beratung\/\" class=\"more-link\"><span class=\"screen-reader-text\">Soziale Beratung<\/span> weiterlesen<\/a><\/p>\n","protected":false},"author":1,"featured_media":262,"parent":0,"menu_order":0,"comment_status":"closed","ping_status":"closed","template":"","meta":{"footnotes":""},"class_list":["post-238","page","type-page","status-publish","has-post-thumbnail","hentry"],"_links":{"self":[{"href":"https:\/\/herberge.org\/wordpress\/wp-json\/wp\/v2\/pages\/238","targetHints":{"allow":["GET"]}}],"collection":[{"href":"https:\/\/herberge.org\/wordpress\/wp-json\/wp\/v2\/pages"}],"about":[{"href":"https:\/\/herberge.org\/wordpress\/wp-json\/wp\/v2\/types\/page"}],"author":[{"embeddable":true,"href":"https:\/\/herberge.org\/wordpress\/wp-json\/wp\/v2\/users\/1"}],"replies":[{"embeddable":true,"href":"https:\/\/herberge.org\/wordpress\/wp-json\/wp\/v2\/comments?post=238"}],"version-history":[{"count":9,"href":"https:\/\/herberge.org\/wordpress\/wp-json\/wp\/v2\/pages\/238\/revisions"}],"predecessor-version":[{"id":579,"href":"https:\/\/herberge.org\/wordpress\/wp-json\/wp\/v2\/pages\/238\/revisions\/579"}],"wp:featuredmedia":[{"embeddable":true,"href":"https:\/\/herberge.org\/wordpress\/wp-json\/wp\/v2\/media\/262"}],"wp:attachment":[{"href":"https:\/\/herberge.org\/wordpress\/wp-json\/wp\/v2\/media?parent=238"}],"curies":[{"name":"wp","href":"https:\/\/api.w.org\/{rel}","templated":true}]}}