{"id":227,"date":"2017-09-05T08:13:41","date_gmt":"2017-09-05T08:13:41","guid":{"rendered":"http:\/\/www.herberge.org\/wordpress\/?page_id=227"},"modified":"2021-02-10T08:41:05","modified_gmt":"2021-02-10T08:41:05","slug":"spenden","status":"publish","type":"page","link":"https:\/\/herberge.org\/wordpress\/spenden\/","title":{"rendered":"Spenden"},"content":{"rendered":"<p>Aufgrund der guten Versorgung unserer BewohnerInnen mit Sachspenden nehmen wir momentan keine Sachpenden in unseren H\u00e4usern mehr an, sondern verweisen direkt auf das Portal helpto:<\/p>\n<p><a href=\"http:\/\/leipzig.helpto.de\/de\">http:\/\/leipzig.helpto.de\/de <\/a>.<\/p>\n<p>Hier k\u00f6nnen Sie Ihr konkretes Angebot unter der entsprechenden Rubrik annoncieren.<\/p>\n<p>Wir sammeln zudem Geldspenden f\u00fcr verschiedene Projekte. Aktuell sammeln wir f\u00fcr:<\/p>\n<ol>\n<li>Deutschkurse: Zur finanziellen Unterst\u00fctzung von weiterf\u00fchrenden Deutschkursen bei hochmotivierten, aber finanziell schlecht gestellten Asylbewerbern.<\/li>\n<li>Kinder- und Jugendprogramm in der Liliensteinstra\u00dfe 15A.<\/li>\n<\/ol>\n<p>Wenn Sie bei Ihrer \u00dcberweisung einen der o.g. Betreffs verwenden, ordnen wir das Geld dem jeweiligen Projekt zu. Sollten Sie eine Spendenbescheinigung ben\u00f6tigen, schreiben Sie uns einfach eine Email.<\/p>\n<p>Unsere Bankverbindung f\u00fcr Spenden lautet:<\/p>\n<p>Pandechaion &#8211; Herberge e.V.<\/p>\n<p>IBAN: \u00a0\u00a0\u00a0\u00a0\u00a0\u00a0\u00a0\u00a0\u00a0\u00a0\u00a0\u00a0 DE95 8608 0000 0149 7121 00<\/p>\n<p>BIC:\u00a0\u00a0\u00a0\u00a0\u00a0\u00a0\u00a0\u00a0\u00a0\u00a0\u00a0\u00a0\u00a0\u00a0\u00a0 DRESDEFF860<\/p>\n<p>Commerzbank Leipzig<\/p>\n","protected":false},"excerpt":{"rendered":"<p>Aufgrund der guten Versorgung unserer BewohnerInnen mit Sachspenden nehmen wir momentan keine Sachpenden in unseren H\u00e4usern mehr an, sondern verweisen direkt auf das Portal helpto: http:\/\/leipzig.helpto.de\/de . Hier k\u00f6nnen Sie Ihr konkretes Angebot unter der entsprechenden Rubrik annoncieren. Wir sammeln zudem Geldspenden f\u00fcr verschiedene Projekte. Aktuell sammeln wir f\u00fcr: Deutschkurse: Zur finanziellen Unterst\u00fctzung von weiterf\u00fchrenden &hellip; <a href=\"https:\/\/herberge.org\/wordpress\/spenden\/\" class=\"more-link\"><span class=\"screen-reader-text\">Spenden<\/span> weiterlesen<\/a><\/p>\n","protected":false},"author":1,"featured_media":0,"parent":0,"menu_order":0,"comment_status":"closed","ping_status":"closed","template":"","meta":{"footnotes":""},"class_list":["post-227","page","type-page","status-publish","hentry"],"_links":{"self":[{"href":"https:\/\/herberge.org\/wordpress\/wp-json\/wp\/v2\/pages\/227","targetHints":{"allow":["GET"]}}],"collection":[{"href":"https:\/\/herberge.org\/wordpress\/wp-json\/wp\/v2\/pages"}],"about":[{"href":"https:\/\/herberge.org\/wordpress\/wp-json\/wp\/v2\/types\/page"}],"author":[{"embeddable":true,"href":"https:\/\/herberge.org\/wordpress\/wp-json\/wp\/v2\/users\/1"}],"replies":[{"embeddable":true,"href":"https:\/\/herberge.org\/wordpress\/wp-json\/wp\/v2\/comments?post=227"}],"version-history":[{"count":5,"href":"https:\/\/herberge.org\/wordpress\/wp-json\/wp\/v2\/pages\/227\/revisions"}],"predecessor-version":[{"id":590,"href":"https:\/\/herberge.org\/wordpress\/wp-json\/wp\/v2\/pages\/227\/revisions\/590"}],"wp:attachment":[{"href":"https:\/\/herberge.org\/wordpress\/wp-json\/wp\/v2\/media?parent=227"}],"curies":[{"name":"wp","href":"https:\/\/api.w.org\/{rel}","templated":true}]}}