{"id":221,"date":"2017-09-05T08:13:26","date_gmt":"2017-09-05T08:13:26","guid":{"rendered":"http:\/\/www.herberge.org\/wordpress\/?page_id=221"},"modified":"2024-02-14T11:09:08","modified_gmt":"2024-02-14T10:09:08","slug":"praktikum","status":"publish","type":"page","link":"https:\/\/herberge.org\/wordpress\/praktikum\/","title":{"rendered":"Praktikum"},"content":{"rendered":"<p>Wir vergeben regelm\u00e4\u00dfig Praktikumspl\u00e4tze in den folgenden Bereichen:<\/p>\n<ul>\n<li>Unterst\u00fctzung der Beratung von vollj\u00e4hrigen Gefl\u00fcchteten<\/li>\n<li>Kinder- und Jugendbetreuung<\/li>\n<li><a href=\"http:\/\/www.herberge.org\/wordpress\/?page_id=205\">Koordinierungsstelle Migration\/Integration Paunsdorf<\/a><\/li>\n<\/ul>\n<p>Dies umfasst sowohl &#8222;kleine&#8220; Sch\u00fclerpraktika als auch &#8222;gro\u00dfe&#8220; Praktika f\u00fcr Studierende. Sch\u00fclerpraktika k\u00f6nnen wir nur in einigen wenigen unserer H\u00e4user anbieten. Praktika f\u00fcr Studierende sind in nahezu allen H\u00e4usern m\u00f6glich.<\/p>\n<p>Bei Interesse senden Sie bitte Ihre aussagekr\u00e4ftigen Bewerbungsunterlagen (Anschreiben und Lebenslauf als PDF) per Email an Herrn Enrico Noack (<a href=\"mailto:noack@herberge.org\">noack@herberge.org<\/a>) unter Angabe Ihres Einsatzwunsches und des Einsatzzeitraumes.<\/p>\n","protected":false},"excerpt":{"rendered":"<p>Wir vergeben regelm\u00e4\u00dfig Praktikumspl\u00e4tze in den folgenden Bereichen: Unterst\u00fctzung der Beratung von vollj\u00e4hrigen Gefl\u00fcchteten Kinder- und Jugendbetreuung Koordinierungsstelle Migration\/Integration Paunsdorf Dies umfasst sowohl &#8222;kleine&#8220; Sch\u00fclerpraktika als auch &#8222;gro\u00dfe&#8220; Praktika f\u00fcr Studierende. Sch\u00fclerpraktika k\u00f6nnen wir nur in einigen wenigen unserer H\u00e4user anbieten. Praktika f\u00fcr Studierende sind in nahezu allen H\u00e4usern m\u00f6glich. Bei Interesse senden Sie bitte &hellip; <a href=\"https:\/\/herberge.org\/wordpress\/praktikum\/\" class=\"more-link\"><span class=\"screen-reader-text\">Praktikum<\/span> weiterlesen<\/a><\/p>\n","protected":false},"author":1,"featured_media":0,"parent":0,"menu_order":0,"comment_status":"closed","ping_status":"closed","template":"","meta":{"footnotes":""},"class_list":["post-221","page","type-page","status-publish","hentry"],"_links":{"self":[{"href":"https:\/\/herberge.org\/wordpress\/wp-json\/wp\/v2\/pages\/221","targetHints":{"allow":["GET"]}}],"collection":[{"href":"https:\/\/herberge.org\/wordpress\/wp-json\/wp\/v2\/pages"}],"about":[{"href":"https:\/\/herberge.org\/wordpress\/wp-json\/wp\/v2\/types\/page"}],"author":[{"embeddable":true,"href":"https:\/\/herberge.org\/wordpress\/wp-json\/wp\/v2\/users\/1"}],"replies":[{"embeddable":true,"href":"https:\/\/herberge.org\/wordpress\/wp-json\/wp\/v2\/comments?post=221"}],"version-history":[{"count":5,"href":"https:\/\/herberge.org\/wordpress\/wp-json\/wp\/v2\/pages\/221\/revisions"}],"predecessor-version":[{"id":984,"href":"https:\/\/herberge.org\/wordpress\/wp-json\/wp\/v2\/pages\/221\/revisions\/984"}],"wp:attachment":[{"href":"https:\/\/herberge.org\/wordpress\/wp-json\/wp\/v2\/media?parent=221"}],"curies":[{"name":"wp","href":"https:\/\/api.w.org\/{rel}","templated":true}]}}