{"id":218,"date":"2017-09-05T08:12:37","date_gmt":"2017-09-05T08:12:37","guid":{"rendered":"http:\/\/www.herberge.org\/wordpress\/?page_id=218"},"modified":"2024-02-08T14:09:54","modified_gmt":"2024-02-08T13:09:54","slug":"ehrenamt","status":"publish","type":"page","link":"https:\/\/herberge.org\/wordpress\/ehrenamt\/","title":{"rendered":"Ehrenamt"},"content":{"rendered":"<p>Es gibt verschiedene M\u00f6glichkeiten bei uns ehrenamtlich mitzuwirken:<\/p>\n<p><strong>1<\/strong>. Sie beteiligen sich an einem konkreten Angebot in der Gemeinschaftsunterkunft. Das kann z.B. ein Deutschkurs sein, Nachhilfe f\u00fcr die Kinder oder ein besonderes Sportangebot. Sie sollten m\u00f6glichst in der N\u00e4he ihres Wohnorts t\u00e4tig werden, da so ein langfristiges Engagement einfacher wird.<\/p>\n<p>Melden Sie sich bei Interesse bitte bei Herrn Enrico Noack (<a href=\"mailto:noack@herberge.org\">n<\/a><a href=\"mailto:noack@herberge.org\">oack@herberge.org<\/a>). Nach Pr\u00fcfung des aktuellen Bedarfs an ehrenamtlicher Unterst\u00fctzung in unseren einzelnen H\u00e4usern meldet sich Herr Noack dann bei Ihnen zur\u00fcck.<\/p>\n<p>F\u00fcr alle unsere Ehrenamtlichen gilt: Sie m\u00fcssen ein eintragsfreies Erweitertes Polizeiliches F\u00fchrungszeugnis vorlegen. Wir unterst\u00fctzen Sie bei der Beantragung des F\u00fchrungszeugnisses.<\/p>\n<p><strong>Bitte bedenken Sie aktuell<\/strong>: Aufgrund der hohen Nachfrage auch an ehrenamtlicher Unterst\u00fctzung sind Kapazit\u00e4ten und Bedarfe an Ehrenamt in einzelnen H\u00e4usern teilweise ersch\u00f6pft bzw. ausgef\u00fcllt.<\/p>\n<p><strong>2.<\/strong> Sie \u00fcbernehmen eine Patenschaft f\u00fcr eine gefl\u00fcchtete Familie oder eine gefl\u00fcchtete Einzelperson. Das Patenschaftsprogramm &#8222;Ankommen in Leipzig&#8220; l\u00e4uft in Tr\u00e4gerschaft der Johanniter Akademie, und unterst\u00fctzt die Beteiligten in allen Phasen der Patenschaft durch fachliche Begleitung.<\/p>\n<p>Weitere Informationen zum Patenschaftsprogramm erhalten auf der folgenden Homepage (externer Link):<\/p>\n<p><a href=\"https:\/\/www.johanniter.de\/bildungseinrichtungen\/johanniter-akademie\/johanniter-akademie-mitteldeutschland\/standorte-der-akademie-in-mitteldeutschland\/campus-leipzig\/angebote\/integration-und-beratung\/patenschaftsprogramm\/\">Ankommen in Leipzig<\/a><\/p>\n<p>&nbsp;<\/p>\n","protected":false},"excerpt":{"rendered":"<p>Es gibt verschiedene M\u00f6glichkeiten bei uns ehrenamtlich mitzuwirken: 1. Sie beteiligen sich an einem konkreten Angebot in der Gemeinschaftsunterkunft. Das kann z.B. ein Deutschkurs sein, Nachhilfe f\u00fcr die Kinder oder ein besonderes Sportangebot. Sie sollten m\u00f6glichst in der N\u00e4he ihres Wohnorts t\u00e4tig werden, da so ein langfristiges Engagement einfacher wird. Melden Sie sich bei Interesse &hellip; <a href=\"https:\/\/herberge.org\/wordpress\/ehrenamt\/\" class=\"more-link\"><span class=\"screen-reader-text\">Ehrenamt<\/span> weiterlesen<\/a><\/p>\n","protected":false},"author":1,"featured_media":0,"parent":0,"menu_order":0,"comment_status":"closed","ping_status":"closed","template":"","meta":{"footnotes":""},"class_list":["post-218","page","type-page","status-publish","hentry"],"_links":{"self":[{"href":"https:\/\/herberge.org\/wordpress\/wp-json\/wp\/v2\/pages\/218","targetHints":{"allow":["GET"]}}],"collection":[{"href":"https:\/\/herberge.org\/wordpress\/wp-json\/wp\/v2\/pages"}],"about":[{"href":"https:\/\/herberge.org\/wordpress\/wp-json\/wp\/v2\/types\/page"}],"author":[{"embeddable":true,"href":"https:\/\/herberge.org\/wordpress\/wp-json\/wp\/v2\/users\/1"}],"replies":[{"embeddable":true,"href":"https:\/\/herberge.org\/wordpress\/wp-json\/wp\/v2\/comments?post=218"}],"version-history":[{"count":6,"href":"https:\/\/herberge.org\/wordpress\/wp-json\/wp\/v2\/pages\/218\/revisions"}],"predecessor-version":[{"id":983,"href":"https:\/\/herberge.org\/wordpress\/wp-json\/wp\/v2\/pages\/218\/revisions\/983"}],"wp:attachment":[{"href":"https:\/\/herberge.org\/wordpress\/wp-json\/wp\/v2\/media?parent=218"}],"curies":[{"name":"wp","href":"https:\/\/api.w.org\/{rel}","templated":true}]}}