{"id":211,"date":"2017-09-05T07:58:44","date_gmt":"2017-09-05T07:58:44","guid":{"rendered":"http:\/\/www.herberge.org\/wordpress\/?page_id=211"},"modified":"2024-10-22T08:17:17","modified_gmt":"2024-10-22T06:17:17","slug":"kontakt","status":"publish","type":"page","link":"https:\/\/herberge.org\/wordpress\/kontakt\/","title":{"rendered":"Kontakt"},"content":{"rendered":"<p><strong>Gesch\u00e4ftsstelle<br \/>\n<\/strong>Pandechaion &#8211; Herberge e.V.<br \/>\nLiliensteinstra\u00dfe 15a<br \/>\n04207 Leipzig<br \/>\n<a href=\"mailto:info@herberge.org\">info@herberge.org<\/a><\/p>\n<p><strong>Gesch\u00e4ftsf\u00fchrung<\/strong><\/p>\n<p>Alexander Melzer<br \/>\n<a href=\"mailto:melzer@herberge.org\">melzer@herberge.org<\/a><br \/>\nTel.: ( 0341) 24 70 96 27<\/p>\n<p><strong>Leitung soziale Dienste<\/strong><\/p>\n<p>Enrico Noack<br \/>\n<a href=\"mailto:noack@herberge.org\">noack@herberge.org<\/a><br \/>\nTel.: (0341) 2470 9628<br \/>\nMobil: (0176) 24 73 13 60<\/p>\n<p><strong>Personal<\/strong><br \/>\nAlejandra Ag\u00fcero<br \/>\n<a href=\"mailto:reinhardt@herberge.org\">personal@herberge.org<br \/>\n<\/a>Tel.: (0151) 42 09 07 65<br \/>\nFax: (0341) 24 75 11 87<\/p>\n<p><strong>Qualit\u00e4tsmanagement<br \/>\n<\/strong>Mona Reinhardt<br \/>\n<a href=\"mailto:reinhardt@herberge.org\">reinhardt@herberge.org<br \/>\n<\/a>Tel.: (0341) 68 69 45 77<br \/>\nFax: (0341) 24 75 11 87<\/p>\n<p><strong>Buchhaltung<br \/>\n<\/strong>Darina Polakova<br \/>\n<a href=\"mailto:buchhaltung@herberge.org\">buchhaltung@herberge.org<\/a><br \/>\nTel.: (0341) 68 69 48 52<br \/>\nFax: (0341) 24 75 11 87<\/p>\n","protected":false},"excerpt":{"rendered":"<p>Gesch\u00e4ftsstelle Pandechaion &#8211; Herberge e.V. Liliensteinstra\u00dfe 15a 04207 Leipzig info@herberge.org Gesch\u00e4ftsf\u00fchrung Alexander Melzer melzer@herberge.org Tel.: ( 0341) 24 70 96 27 Leitung soziale Dienste Enrico Noack noack@herberge.org Tel.: (0341) 2470 9628 Mobil: (0176) 24 73 13 60 Personal Alejandra Ag\u00fcero personal@herberge.org Tel.: (0151) 42 09 07 65 Fax: (0341) 24 75 11 87 Qualit\u00e4tsmanagement Mona &hellip; <a href=\"https:\/\/herberge.org\/wordpress\/kontakt\/\" class=\"more-link\"><span class=\"screen-reader-text\">Kontakt<\/span> weiterlesen<\/a><\/p>\n","protected":false},"author":1,"featured_media":0,"parent":0,"menu_order":0,"comment_status":"closed","ping_status":"closed","template":"","meta":{"footnotes":""},"class_list":["post-211","page","type-page","status-publish","hentry"],"_links":{"self":[{"href":"https:\/\/herberge.org\/wordpress\/wp-json\/wp\/v2\/pages\/211","targetHints":{"allow":["GET"]}}],"collection":[{"href":"https:\/\/herberge.org\/wordpress\/wp-json\/wp\/v2\/pages"}],"about":[{"href":"https:\/\/herberge.org\/wordpress\/wp-json\/wp\/v2\/types\/page"}],"author":[{"embeddable":true,"href":"https:\/\/herberge.org\/wordpress\/wp-json\/wp\/v2\/users\/1"}],"replies":[{"embeddable":true,"href":"https:\/\/herberge.org\/wordpress\/wp-json\/wp\/v2\/comments?post=211"}],"version-history":[{"count":19,"href":"https:\/\/herberge.org\/wordpress\/wp-json\/wp\/v2\/pages\/211\/revisions"}],"predecessor-version":[{"id":1043,"href":"https:\/\/herberge.org\/wordpress\/wp-json\/wp\/v2\/pages\/211\/revisions\/1043"}],"wp:attachment":[{"href":"https:\/\/herberge.org\/wordpress\/wp-json\/wp\/v2\/media?parent=211"}],"curies":[{"name":"wp","href":"https:\/\/api.w.org\/{rel}","templated":true}]}}