{"id":125,"date":"2017-09-04T13:04:05","date_gmt":"2017-09-04T13:04:05","guid":{"rendered":"http:\/\/www.herberge.org\/wordpress\/?page_id=125"},"modified":"2023-03-23T12:30:54","modified_gmt":"2023-03-23T11:30:54","slug":"leipzig-waldstrasse-74-80","status":"publish","type":"page","link":"https:\/\/herberge.org\/wordpress\/leipzig-waldstrasse-74-80\/","title":{"rendered":"Leipzig &#8211; Waldstra\u00dfe 74 &#8211; 80"},"content":{"rendered":"\n<figure class=\"wp-block-table is-style-stripes\"><table><tbody><tr><td><strong>Waldstr. 74-80<\/strong><\/td><td>Tel. Wache<\/td><td>+49 341 2475 1206<\/td><\/tr><tr><td>04105 Leipzig<\/td><td>Tel. Soz. Betreuung<\/td><td>+49 341 2475 1205<\/td><\/tr><tr><td>&nbsp;<\/td><td>Tel. Hausleitung<\/td><td>+49 341 2475 1204<\/td><\/tr><tr><td><\/td><td>Fax<\/td><td>+49 341 2475 7667<\/td><\/tr><tr><td>&nbsp;<\/td><td>Email<\/td><td><a href=\"mailto:wald.leipzig@herberge.org\">wald.leipzig@herberge.org<\/a><\/td><\/tr><tr><td>Anfahrt mit Tram 4 bis Haltestelle M\u00fcckenschl\u00f6\u00dfchen<\/td><td>&nbsp;<\/td><td>&nbsp;<\/td><\/tr><\/tbody><\/table><\/figure>\n","protected":false},"excerpt":{"rendered":"<p>Waldstr. 74-80 Tel. Wache +49 341 2475 1206 04105 Leipzig Tel. Soz. Betreuung +49 341 2475 1205 &nbsp; Tel. Hausleitung +49 341 2475 1204 Fax +49 341 2475 7667 &nbsp; Email wald.leipzig@herberge.org Anfahrt mit Tram 4 bis Haltestelle M\u00fcckenschl\u00f6\u00dfchen &nbsp; &nbsp;<\/p>\n","protected":false},"author":1,"featured_media":0,"parent":0,"menu_order":0,"comment_status":"closed","ping_status":"closed","template":"","meta":{"footnotes":""},"class_list":["post-125","page","type-page","status-publish","hentry"],"_links":{"self":[{"href":"https:\/\/herberge.org\/wordpress\/wp-json\/wp\/v2\/pages\/125","targetHints":{"allow":["GET"]}}],"collection":[{"href":"https:\/\/herberge.org\/wordpress\/wp-json\/wp\/v2\/pages"}],"about":[{"href":"https:\/\/herberge.org\/wordpress\/wp-json\/wp\/v2\/types\/page"}],"author":[{"embeddable":true,"href":"https:\/\/herberge.org\/wordpress\/wp-json\/wp\/v2\/users\/1"}],"replies":[{"embeddable":true,"href":"https:\/\/herberge.org\/wordpress\/wp-json\/wp\/v2\/comments?post=125"}],"version-history":[{"count":14,"href":"https:\/\/herberge.org\/wordpress\/wp-json\/wp\/v2\/pages\/125\/revisions"}],"predecessor-version":[{"id":888,"href":"https:\/\/herberge.org\/wordpress\/wp-json\/wp\/v2\/pages\/125\/revisions\/888"}],"wp:attachment":[{"href":"https:\/\/herberge.org\/wordpress\/wp-json\/wp\/v2\/media?parent=125"}],"curies":[{"name":"wp","href":"https:\/\/api.w.org\/{rel}","templated":true}]}}